{"id":15,"date":"2013-01-29T22:55:00","date_gmt":"2013-01-29T20:55:00","guid":{"rendered":"http:\/\/merjasundman.fi\/?page_id=15"},"modified":"2023-09-01T16:10:47","modified_gmt":"2023-09-01T14:10:47","slug":"linkit","status":"publish","type":"page","link":"https:\/\/merjasundman.fi\/?page_id=15","title":{"rendered":"Linkit"},"content":{"rendered":"<p>Ohjeita Kelan korvaamaan kuntoutuspsykoterapiaan hakeutumiseen:<br \/>\n<a href=\"http:\/\/Kela.fi\/kuntoutuspsykoterapia\"><strong>Kela.fi\/kuntoutuspsykoterapia<\/strong><\/a><\/p>\n<p>Perhepsykoterapiassa tarkoituksena on oppia ymm\u00e4rt\u00e4m\u00e4\u00e4n toisia perheenj\u00e4seni\u00e4 ja lis\u00e4t\u00e4 kaikkien perheenj\u00e4senten hyvinvointia. Tietoa perhepsykoterapiasta l\u00f6ytyy:<br \/>\n<a href=\"http:\/\/www.perheterapiayhdistys.fi\/etusivu\"><strong>http:\/\/www.perheterapiayhdistys.fi<\/strong><\/a><\/p>\n<p>Traumaterapiakeskus on psyykkisen traumatisoitumisen asiantuntijakeskus Suomessa. Sielt\u00e4 l\u00f6ytyy laajalti erilaista tietoa traumatisoitumiseen. Keskus mm. j\u00e4rjest\u00e4\u00e4 s\u00e4\u00e4nn\u00f6llisesti erilaisia ryhmi\u00e4.<br \/>\n<a href=\"http:\/\/traumaterapiakeskus.com\"><strong>traumaterapiakeskus.com<\/strong><\/a><\/p>\n<p>EMDR, Eye Movement Desensitization and Reprocessing k\u00e4yt\u00e4n yhten\u00e4 terapian ty\u00f6v\u00e4lineen\u00e4 omille asiakkailleni.<br \/>\n<a href=\"http:\/\/emdr.fi\"><strong>emdr.fi<\/strong><\/a><\/p>\n<p>Uskontojen uhrien tuki UUT ry tukee uskonnollisissa yhteis\u00f6iss\u00e4 vaikeuksiin joutuneita sek\u00e4 heid\u00e4n l\u00e4heisi\u00e4\u00e4n.<br \/>\n<strong><a href=\"http:\/\/uskontojenuhrientuki.fi\">uskontojenuhrientuki.fi<\/a><\/strong><\/p>\n","protected":false},"excerpt":{"rendered":"<p>Ohjeita Kelan korvaamaan kuntoutuspsykoterapiaan hakeutumiseen: Kela.fi\/kuntoutuspsykoterapia Perhepsykoterapiassa tarkoituksena on oppia ymm\u00e4rt\u00e4m\u00e4\u00e4n toisia perheenj\u00e4seni\u00e4 ja lis\u00e4t\u00e4 kaikkien perheenj\u00e4senten hyvinvointia. Tietoa perhepsykoterapiasta l\u00f6ytyy: http:\/\/www.perheterapiayhdistys.fi Traumaterapiakeskus on psyykkisen traumatisoitumisen asiantuntijakeskus Suomessa. Sielt\u00e4 l\u00f6ytyy laajalti erilaista tietoa traumatisoitumiseen. Keskus mm. j\u00e4rjest\u00e4\u00e4 s\u00e4\u00e4nn\u00f6llisesti erilaisia ryhmi\u00e4. traumaterapiakeskus.com EMDR, Eye Movement Desensitization and Reprocessing k\u00e4yt\u00e4n yhten\u00e4 terapian ty\u00f6v\u00e4lineen\u00e4 omille asiakkailleni. emdr.fi Uskontojen [&hellip;]<\/p>\n","protected":false},"author":3,"featured_media":0,"parent":0,"menu_order":2,"comment_status":"closed","ping_status":"closed","template":"page-templates\/full-width.php","meta":{"footnotes":""},"class_list":["post-15","page","type-page","status-publish","hentry"],"_links":{"self":[{"href":"https:\/\/merjasundman.fi\/index.php?rest_route=\/wp\/v2\/pages\/15","targetHints":{"allow":["GET"]}}],"collection":[{"href":"https:\/\/merjasundman.fi\/index.php?rest_route=\/wp\/v2\/pages"}],"about":[{"href":"https:\/\/merjasundman.fi\/index.php?rest_route=\/wp\/v2\/types\/page"}],"author":[{"embeddable":true,"href":"https:\/\/merjasundman.fi\/index.php?rest_route=\/wp\/v2\/users\/3"}],"replies":[{"embeddable":true,"href":"https:\/\/merjasundman.fi\/index.php?rest_route=%2Fwp%2Fv2%2Fcomments&post=15"}],"version-history":[{"count":14,"href":"https:\/\/merjasundman.fi\/index.php?rest_route=\/wp\/v2\/pages\/15\/revisions"}],"predecessor-version":[{"id":25,"href":"https:\/\/merjasundman.fi\/index.php?rest_route=\/wp\/v2\/pages\/15\/revisions\/25"}],"wp:attachment":[{"href":"https:\/\/merjasundman.fi\/index.php?rest_route=%2Fwp%2Fv2%2Fmedia&parent=15"}],"curies":[{"name":"wp","href":"https:\/\/api.w.org\/{rel}","templated":true}]}}